{"id":15,"date":"2025-05-02T21:49:05","date_gmt":"2025-05-02T19:49:05","guid":{"rendered":"https:\/\/academiadorsal.es\/services\/"},"modified":"2025-06-01T10:47:35","modified_gmt":"2025-06-01T08:47:35","slug":"services","status":"publish","type":"page","link":"https:\/\/academiadorsal.es\/es\/services","title":{"rendered":"Metodolog\u00eda"},"content":{"rendered":"\t\t<div data-elementor-type=\"wp-page\" data-elementor-id=\"15\" class=\"elementor elementor-15\">\n\t\t\t\t<div class=\"elementor-element elementor-element-93263f3 e-flex e-con-boxed e-con e-parent\" data-id=\"93263f3\" data-element_type=\"container\" data-settings=\"{&quot;background_background&quot;:&quot;classic&quot;}\">\n\t\t\t\t\t<div class=\"e-con-inner\">\n\t\t<div class=\"elementor-element elementor-element-6c32ff7 e-flex e-con-boxed e-con e-child\" data-id=\"6c32ff7\" data-element_type=\"container\">\n\t\t\t\t\t<div class=\"e-con-inner\">\n\t\t\t\t\t<\/div>\n\t\t\t\t<\/div>\n\t\t\t\t\t<\/div>\n\t\t\t\t<\/div>\n\t\t<div class=\"elementor-element elementor-element-2a53065 e-flex e-con-boxed e-con e-parent\" data-id=\"2a53065\" data-element_type=\"container\">\n\t\t\t\t\t<div class=\"e-con-inner\">\n\t\t\t\t<div class=\"elementor-element elementor-element-bf41668 elementor-widget-divider--view-line_text elementor-widget-divider--element-align-center elementor-widget elementor-widget-divider\" data-id=\"bf41668\" data-element_type=\"widget\" data-widget_type=\"divider.default\">\n\t\t\t\t<div class=\"elementor-widget-container\">\n\t\t\t\t\t\t\t<div class=\"elementor-divider\">\n\t\t\t<span class=\"elementor-divider-separator\">\n\t\t\t\t\t\t\t<span class=\"elementor-divider__text elementor-divider__element\">\n\t\t\t\tNuestra Metodolog\u00eda \t\t\t\t<\/span>\n\t\t\t\t\t\t<\/span>\n\t\t<\/div>\n\t\t\t\t\t\t<\/div>\n\t\t\t\t<\/div>\n\t\t\t\t\t<\/div>\n\t\t\t\t<\/div>\n\t\t<div class=\"elementor-element elementor-element-4cb475b e-flex e-con-boxed e-con e-parent\" data-id=\"4cb475b\" data-element_type=\"container\">\n\t\t\t\t\t<div class=\"e-con-inner\">\n\t\t<div class=\"elementor-element elementor-element-9741bfd e-con-full e-flex e-con e-child\" data-id=\"9741bfd\" data-element_type=\"container\">\n\t\t\t\t<div class=\"elementor-element elementor-element-d90ef00 elementor-widget__width-initial elementor-widget elementor-widget-image\" data-id=\"d90ef00\" data-element_type=\"widget\" data-widget_type=\"image.default\">\n\t\t\t\t<div class=\"elementor-widget-container\">\n\t\t\t\t\t\t\t\t\t\t\t\t\t\t\t<img fetchpriority=\"high\" decoding=\"async\" width=\"547\" height=\"728\" src=\"https:\/\/academiadorsal.es\/wp-content\/uploads\/2025\/05\/Captura-de-Pantalla-2025-05-04-a-las-21.08.20.png\" class=\"attachment-full size-full wp-image-2768\" alt=\"\" srcset=\"https:\/\/academiadorsal.es\/wp-content\/uploads\/2025\/05\/Captura-de-Pantalla-2025-05-04-a-las-21.08.20.png 547w, https:\/\/academiadorsal.es\/wp-content\/uploads\/2025\/05\/Captura-de-Pantalla-2025-05-04-a-las-21.08.20-225x300.png 225w\" sizes=\"(max-width: 547px) 100vw, 547px\" \/>\t\t\t\t\t\t\t\t\t\t\t\t\t\t\t<\/div>\n\t\t\t\t<\/div>\n\t\t\t\t<\/div>\n\t\t<div class=\"elementor-element elementor-element-458f621 e-con-full e-flex e-con e-child\" data-id=\"458f621\" data-element_type=\"container\">\n\t\t\t\t<div class=\"elementor-element elementor-element-57ee7d9 elementor-widget elementor-widget-heading\" data-id=\"57ee7d9\" data-element_type=\"widget\" data-widget_type=\"heading.default\">\n\t\t\t\t<div class=\"elementor-widget-container\">\n\t\t\t\t\t<h4 class=\"elementor-heading-title elementor-size-default\">Nuestro enfoque<\/h4>\t\t\t\t<\/div>\n\t\t\t\t<\/div>\n\t\t\t\t<div class=\"elementor-element elementor-element-9dbc1b1 elementor-widget elementor-widget-text-editor\" data-id=\"9dbc1b1\" data-element_type=\"widget\" data-widget_type=\"text-editor.default\">\n\t\t\t\t<div class=\"elementor-widget-container\">\n\t\t\t\t\t\t\t\t\t<p><img decoding=\"async\" class=\"emoji\" style=\"font-style: inherit; font-weight: inherit; background-color: #ffffff;\" role=\"img\" draggable=\"false\" src=\"https:\/\/s.w.org\/images\/core\/emoji\/15.1.0\/svg\/2714.svg\" alt=\"\u2714\" \/> Apoyo escolar en todas las materias<\/p><p><img decoding=\"async\" class=\"emoji\" style=\"font-style: inherit; font-weight: inherit; background-color: #ffffff;\" role=\"img\" draggable=\"false\" src=\"https:\/\/s.w.org\/images\/core\/emoji\/15.1.0\/svg\/2714.svg\" alt=\"\u2714\" \/> Refuerzo educativo adaptado a cada nivel<\/p><p><img decoding=\"async\" class=\"emoji\" style=\"font-style: inherit; font-weight: inherit; background-color: #ffffff;\" role=\"img\" draggable=\"false\" src=\"https:\/\/s.w.org\/images\/core\/emoji\/15.1.0\/svg\/2714.svg\" alt=\"\u2714\" \/> T\u00e9cnicas de estudio para mejorar la autonom\u00eda y el rendimiento<\/p><p><img decoding=\"async\" class=\"emoji\" style=\"font-style: inherit; font-weight: inherit; background-color: #ffffff;\" role=\"img\" draggable=\"false\" src=\"https:\/\/s.w.org\/images\/core\/emoji\/15.1.0\/svg\/2714.svg\" alt=\"\u2714\" \/> Preparaci\u00f3n de ex\u00e1menes y organizaci\u00f3n del tiempo<\/p><p><img decoding=\"async\" class=\"emoji\" style=\"font-style: inherit; font-weight: inherit; background-color: #ffffff;\" role=\"img\" draggable=\"false\" src=\"https:\/\/s.w.org\/images\/core\/emoji\/15.1.0\/svg\/2714.svg\" alt=\"\u2714\" \/> Apoyo pedag\u00f3gico<\/p><p><img decoding=\"async\" class=\"emoji\" style=\"font-style: inherit; font-weight: inherit; background-color: #ffffff;\" role=\"img\" draggable=\"false\" src=\"https:\/\/s.w.org\/images\/core\/emoji\/15.1.0\/svg\/2714.svg\" alt=\"\u2714\" \/> Grupos m\u00e1ximo 4 y Bachillerato 3.\u00a0<\/p><p><img decoding=\"async\" class=\"emoji\" style=\"font-style: inherit; font-weight: inherit; background-color: #ffffff;\" role=\"img\" draggable=\"false\" src=\"https:\/\/s.w.org\/images\/core\/emoji\/15.1.0\/svg\/2714.svg\" alt=\"\u2714\" \/><span style=\"font-size: 16px;\"> Atenci\u00f3n \u00abuno a uno\u00bb si fuese necesario. <\/span><\/p><p><img decoding=\"async\" class=\"emoji\" style=\"font-style: inherit; font-weight: inherit; background-color: #ffffff;\" role=\"img\" draggable=\"false\" src=\"https:\/\/s.w.org\/images\/core\/emoji\/15.1.0\/svg\/2714.svg\" alt=\"\u2714\" \/><span style=\"font-size: 16px;\"> Un ambiente motivador donde el esfuerzo tiene recompensa<\/span><\/p>\t\t\t\t\t\t\t\t<\/div>\n\t\t\t\t<\/div>\n\t\t\t\t<\/div>\n\t\t\t\t\t<\/div>\n\t\t\t\t<\/div>\n\t\t<div class=\"elementor-element elementor-element-eb8dc3c e-flex e-con-boxed e-con e-parent\" data-id=\"eb8dc3c\" data-element_type=\"container\">\n\t\t\t\t\t<div class=\"e-con-inner\">\n\t\t<div class=\"elementor-element elementor-element-66e243a e-con-full e-flex e-con e-child\" data-id=\"66e243a\" data-element_type=\"container\">\n\t\t\t\t<div class=\"elementor-element elementor-element-5ffa47a elementor-widget__width-initial elementor-widget elementor-widget-image\" data-id=\"5ffa47a\" data-element_type=\"widget\" data-widget_type=\"image.default\">\n\t\t\t\t<div class=\"elementor-widget-container\">\n\t\t\t\t\t\t\t\t\t\t\t\t\t\t\t<img decoding=\"async\" width=\"527\" height=\"706\" src=\"https:\/\/academiadorsal.es\/wp-content\/uploads\/2025\/05\/Captura-de-Pantalla-2025-05-02-a-las-20.36.38.png\" class=\"attachment-full size-full wp-image-2746\" alt=\"\" srcset=\"https:\/\/academiadorsal.es\/wp-content\/uploads\/2025\/05\/Captura-de-Pantalla-2025-05-02-a-las-20.36.38.png 527w, https:\/\/academiadorsal.es\/wp-content\/uploads\/2025\/05\/Captura-de-Pantalla-2025-05-02-a-las-20.36.38-224x300.png 224w\" sizes=\"(max-width: 527px) 100vw, 527px\" \/>\t\t\t\t\t\t\t\t\t\t\t\t\t\t\t<\/div>\n\t\t\t\t<\/div>\n\t\t\t\t<\/div>\n\t\t<div class=\"elementor-element elementor-element-820c677 e-con-full e-flex e-con e-child\" data-id=\"820c677\" data-element_type=\"container\">\n\t\t\t\t<div class=\"elementor-element elementor-element-f9333e4 elementor-widget elementor-widget-heading\" data-id=\"f9333e4\" data-element_type=\"widget\" data-widget_type=\"heading.default\">\n\t\t\t\t<div class=\"elementor-widget-container\">\n\t\t\t\t\t<h4 class=\"elementor-heading-title elementor-size-default\">Tener una persona de apoyo<\/h4>\t\t\t\t<\/div>\n\t\t\t\t<\/div>\n\t\t\t\t<div class=\"elementor-element elementor-element-c840ab6 elementor-widget elementor-widget-text-editor\" data-id=\"c840ab6\" data-element_type=\"widget\" data-widget_type=\"text-editor.default\">\n\t\t\t\t<div class=\"elementor-widget-container\">\n\t\t\t\t\t\t\t\t\t<p class=\"cvGsUA direction-ltr align-start para-style-body\">\u00a0<span class=\"OYPEnA font-feature-liga-off font-feature-clig-off font-feature-calt-off text-decoration-none text-strikethrough-none\">Tener una persona de apoyo en clases de repaso acad\u00e9mico puede marcar una gran diferencia en el proceso de aprendizaje. Contar con alguien que motive, explique dudas y refuerce los conocimientos adquiridos ayuda a mejorar la comprensi\u00f3n y el rendimiento. Adem\u00e1s, permite desarrollar h\u00e1bitos de estudio m\u00e1s efectivos y fomentar la disciplina. El acompa\u00f1amiento de un tutor, proporciona<\/span> <span class=\"OYPEnA font-feature-liga-off font-feature-clig-off font-feature-calt-off text-decoration-none text-strikethrough-none\">la confianza y reduce el estr\u00e9s ante ex\u00e1menes o tareas dif\u00edciles. Tambi\u00e9n facilita el intercambio de ideas y m\u00e9todos de estudio, enriqueciendo el aprendizaje. En definitiva, estudiar en compa\u00f1\u00eda hace que el proceso sea m\u00e1s din\u00e1mico y productivo.<\/span><\/p>\t\t\t\t\t\t\t\t<\/div>\n\t\t\t\t<\/div>\n\t\t\t\t<\/div>\n\t\t\t\t\t<\/div>\n\t\t\t\t<\/div>\n\t\t<div class=\"elementor-element elementor-element-f270834 e-flex e-con-boxed e-con e-parent\" data-id=\"f270834\" data-element_type=\"container\">\n\t\t\t\t\t<div class=\"e-con-inner\">\n\t\t<div class=\"elementor-element elementor-element-d82f624 e-con-full e-flex e-con e-child\" data-id=\"d82f624\" data-element_type=\"container\">\n\t\t\t\t<div class=\"elementor-element elementor-element-3b778e2 elementor-widget__width-initial elementor-widget elementor-widget-image\" data-id=\"3b778e2\" data-element_type=\"widget\" data-widget_type=\"image.default\">\n\t\t\t\t<div class=\"elementor-widget-container\">\n\t\t\t\t\t\t\t\t\t\t\t\t\t\t\t<img decoding=\"async\" width=\"525\" height=\"733\" src=\"https:\/\/academiadorsal.es\/wp-content\/uploads\/2025\/05\/Captura-de-Pantalla-2025-05-02-a-las-20.37.16.png\" class=\"attachment-full size-full wp-image-2766\" alt=\"\" srcset=\"https:\/\/academiadorsal.es\/wp-content\/uploads\/2025\/05\/Captura-de-Pantalla-2025-05-02-a-las-20.37.16.png 525w, https:\/\/academiadorsal.es\/wp-content\/uploads\/2025\/05\/Captura-de-Pantalla-2025-05-02-a-las-20.37.16-215x300.png 215w\" sizes=\"(max-width: 525px) 100vw, 525px\" \/>\t\t\t\t\t\t\t\t\t\t\t\t\t\t\t<\/div>\n\t\t\t\t<\/div>\n\t\t\t\t<\/div>\n\t\t<div class=\"elementor-element elementor-element-dda9887 e-con-full e-flex e-con e-child\" data-id=\"dda9887\" data-element_type=\"container\">\n\t\t\t\t<div class=\"elementor-element elementor-element-dbd12a7 elementor-widget elementor-widget-heading\" data-id=\"dbd12a7\" data-element_type=\"widget\" data-widget_type=\"heading.default\">\n\t\t\t\t<div class=\"elementor-widget-container\">\n\t\t\t\t\t<h4 class=\"elementor-heading-title elementor-size-default\">T\u00e9cnicas de estudio<\/h4>\t\t\t\t<\/div>\n\t\t\t\t<\/div>\n\t\t\t\t<div class=\"elementor-element elementor-element-ed08cdd elementor-widget elementor-widget-text-editor\" data-id=\"ed08cdd\" data-element_type=\"widget\" data-widget_type=\"text-editor.default\">\n\t\t\t\t<div class=\"elementor-widget-container\">\n\t\t\t\t\t\t\t\t\t<p class=\"cvGsUA direction-ltr align-start para-style-body\"><span class=\"OYPEnA font-feature-liga-off font-feature-clig-off font-feature-calt-off text-decoration-none text-strikethrough-none\">Adquirir buenas t\u00e9cnicas de estudio es fundamental para mejorar el aprendizaje y optimizar el tiempo dedicado a las tareas acad\u00e9micas. Contar con estrategias efectivas permite comprender mejor los contenidos, retener informaci\u00f3n de manera m\u00e1s eficiente y reducir el estr\u00e9s ante ex\u00e1menes o evaluaciones. M\u00e9todos como la toma de apuntes, el uso de res\u00famenes, mapas conceptuales y la planificaci\u00f3n del tiempo ayudan a organizar el estudio de forma estructurada. Adem\u00e1s, desarrollar h\u00e1bitos de estudio adecuados fomenta la autonom\u00eda, la disciplina y la concentraci\u00f3n. En definitiva, aplicar buenas t\u00e9cnicas de estudio no solo mejora el rendimiento acad\u00e9mico, sino que tambi\u00e9n facilita el aprendizaje a lo largo de la vida.<\/span><\/p>\t\t\t\t\t\t\t\t<\/div>\n\t\t\t\t<\/div>\n\t\t\t\t<\/div>\n\t\t\t\t\t<\/div>\n\t\t\t\t<\/div>\n\t\t\t\t<\/div>\n\t\t","protected":false},"excerpt":{"rendered":"<p>Nuestra Metodolog\u00eda Nuestro enfoque Apoyo escolar en todas las materias Refuerzo educativo adaptado a cada nivel T\u00e9cnicas de estudio para mejorar la autonom\u00eda y el rendimiento Preparaci\u00f3n de ex\u00e1menes y organizaci\u00f3n del tiempo Apoyo pedag\u00f3gico Grupos m\u00e1ximo 4 y Bachillerato 3.\u00a0 Atenci\u00f3n \u00abuno a uno\u00bb si fuese necesario. Un ambiente motivador donde el esfuerzo tiene [&hellip;]<\/p>\n","protected":false},"author":1,"featured_media":0,"parent":0,"menu_order":0,"comment_status":"closed","ping_status":"closed","template":"","meta":{"_uag_custom_page_level_css":"","site-sidebar-layout":"no-sidebar","site-content-layout":"page-builder","ast-site-content-layout":"full-width-container","site-content-style":"unboxed","site-sidebar-style":"unboxed","ast-global-header-display":"","ast-banner-title-visibility":"","ast-main-header-display":"","ast-hfb-above-header-display":"","ast-hfb-below-header-display":"","ast-hfb-mobile-header-display":"","site-post-title":"disabled","ast-breadcrumbs-content":"","ast-featured-img":"disabled","footer-sml-layout":"","theme-transparent-header-meta":"enabled","adv-header-id-meta":"","stick-header-meta":"","header-above-stick-meta":"","header-main-stick-meta":"","header-below-stick-meta":"","astra-migrate-meta-layouts":"set","ast-page-background-enabled":"default","ast-page-background-meta":{"desktop":{"background-color":"var(--ast-global-color-4)","background-image":"","background-repeat":"repeat","background-position":"center center","background-size":"auto","background-attachment":"scroll","background-type":"","background-media":"","overlay-type":"","overlay-color":"","overlay-opacity":"","overlay-gradient":""},"tablet":{"background-color":"","background-image":"","background-repeat":"repeat","background-position":"center center","background-size":"auto","background-attachment":"scroll","background-type":"","background-media":"","overlay-type":"","overlay-color":"","overlay-opacity":"","overlay-gradient":""},"mobile":{"background-color":"","background-image":"","background-repeat":"repeat","background-position":"center center","background-size":"auto","background-attachment":"scroll","background-type":"","background-media":"","overlay-type":"","overlay-color":"","overlay-opacity":"","overlay-gradient":""}},"ast-content-background-meta":{"desktop":{"background-color":"var(--ast-global-color-5)","background-image":"","background-repeat":"repeat","background-position":"center center","background-size":"auto","background-attachment":"scroll","background-type":"","background-media":"","overlay-type":"","overlay-color":"","overlay-opacity":"","overlay-gradient":""},"tablet":{"background-color":"var(--ast-global-color-5)","background-image":"","background-repeat":"repeat","background-position":"center center","background-size":"auto","background-attachment":"scroll","background-type":"","background-media":"","overlay-type":"","overlay-color":"","overlay-opacity":"","overlay-gradient":""},"mobile":{"background-color":"var(--ast-global-color-5)","background-image":"","background-repeat":"repeat","background-position":"center center","background-size":"auto","background-attachment":"scroll","background-type":"","background-media":"","overlay-type":"","overlay-color":"","overlay-opacity":"","overlay-gradient":""}},"footnotes":""},"class_list":["post-15","page","type-page","status-publish","hentry"],"uagb_featured_image_src":{"full":false,"thumbnail":false,"medium":false,"medium_large":false,"large":false,"1536x1536":false,"2048x2048":false,"trp-custom-language-flag":false},"uagb_author_info":{"display_name":"beltran.cambronero@gmail.com","author_link":"https:\/\/academiadorsal.es\/es\/author\/beltran-cambronerogmail-com"},"uagb_comment_info":0,"uagb_excerpt":"Nuestra Metodolog\u00eda Nuestro enfoque Apoyo escolar en todas las materias Refuerzo educativo adaptado a cada nivel T\u00e9cnicas de estudio para mejorar la autonom\u00eda y el rendimiento Preparaci\u00f3n de ex\u00e1menes y organizaci\u00f3n del tiempo Apoyo pedag\u00f3gico Grupos m\u00e1ximo 4 y Bachillerato 3.\u00a0 Atenci\u00f3n \u00abuno a uno\u00bb si fuese necesario. Un ambiente motivador donde el esfuerzo tiene&hellip;","_links":{"self":[{"href":"https:\/\/academiadorsal.es\/es\/wp-json\/wp\/v2\/pages\/15","targetHints":{"allow":["GET"]}}],"collection":[{"href":"https:\/\/academiadorsal.es\/es\/wp-json\/wp\/v2\/pages"}],"about":[{"href":"https:\/\/academiadorsal.es\/es\/wp-json\/wp\/v2\/types\/page"}],"author":[{"embeddable":true,"href":"https:\/\/academiadorsal.es\/es\/wp-json\/wp\/v2\/users\/1"}],"replies":[{"embeddable":true,"href":"https:\/\/academiadorsal.es\/es\/wp-json\/wp\/v2\/comments?post=15"}],"version-history":[{"count":65,"href":"https:\/\/academiadorsal.es\/es\/wp-json\/wp\/v2\/pages\/15\/revisions"}],"predecessor-version":[{"id":3280,"href":"https:\/\/academiadorsal.es\/es\/wp-json\/wp\/v2\/pages\/15\/revisions\/3280"}],"wp:attachment":[{"href":"https:\/\/academiadorsal.es\/es\/wp-json\/wp\/v2\/media?parent=15"}],"curies":[{"name":"wp","href":"https:\/\/api.w.org\/{rel}","templated":true}]}}