{"id":14,"date":"2025-05-02T21:49:05","date_gmt":"2025-05-02T19:49:05","guid":{"rendered":"https:\/\/academiadorsal.es\/about\/"},"modified":"2025-05-25T10:46:08","modified_gmt":"2025-05-25T08:46:08","slug":"about","status":"publish","type":"page","link":"https:\/\/academiadorsal.es\/es\/about","title":{"rendered":"Nosotros"},"content":{"rendered":"\t\t<div data-elementor-type=\"wp-page\" data-elementor-id=\"14\" class=\"elementor elementor-14\">\n\t\t\t\t<div class=\"elementor-element elementor-element-bc3b0a1 e-flex e-con-boxed e-con e-parent\" data-id=\"bc3b0a1\" data-element_type=\"container\" data-settings=\"{&quot;background_background&quot;:&quot;classic&quot;}\">\n\t\t\t\t\t<div class=\"e-con-inner\">\n\t\t<div class=\"elementor-element elementor-element-cedcf21 e-flex e-con-boxed e-con e-child\" data-id=\"cedcf21\" data-element_type=\"container\">\n\t\t\t\t\t<div class=\"e-con-inner\">\n\t\t\t\t\t<\/div>\n\t\t\t\t<\/div>\n\t\t\t\t\t<\/div>\n\t\t\t\t<\/div>\n\t\t<div class=\"elementor-element elementor-element-e95b922 e-flex e-con-boxed e-con e-parent\" data-id=\"e95b922\" data-element_type=\"container\">\n\t\t\t\t\t<div class=\"e-con-inner\">\n\t\t\t\t<div class=\"elementor-element elementor-element-fa21c6b elementor-widget-divider--view-line_text elementor-widget-divider--element-align-center elementor-widget elementor-widget-divider\" data-id=\"fa21c6b\" data-element_type=\"widget\" data-widget_type=\"divider.default\">\n\t\t\t\t<div class=\"elementor-widget-container\">\n\t\t\t\t\t\t\t<div class=\"elementor-divider\">\n\t\t\t<span class=\"elementor-divider-separator\">\n\t\t\t\t\t\t\t<span class=\"elementor-divider__text elementor-divider__element\">\n\t\t\t\tQui\u00e9nes somos \t\t\t\t<\/span>\n\t\t\t\t\t\t<\/span>\n\t\t<\/div>\n\t\t\t\t\t\t<\/div>\n\t\t\t\t<\/div>\n\t\t\t\t\t<\/div>\n\t\t\t\t<\/div>\n\t\t<div class=\"elementor-element elementor-element-3f756bf e-flex e-con-boxed e-con e-parent\" data-id=\"3f756bf\" data-element_type=\"container\">\n\t\t\t\t\t<div class=\"e-con-inner\">\n\t\t<div class=\"elementor-element elementor-element-dc00a1b e-con-full e-flex e-con e-child\" data-id=\"dc00a1b\" data-element_type=\"container\">\n\t\t\t\t<div class=\"elementor-element elementor-element-f8ff1a3 elementor-widget__width-initial elementor-widget elementor-widget-image\" data-id=\"f8ff1a3\" data-element_type=\"widget\" data-widget_type=\"image.default\">\n\t\t\t\t<div class=\"elementor-widget-container\">\n\t\t\t\t\t\t\t\t\t\t\t\t\t\t\t<img fetchpriority=\"high\" decoding=\"async\" width=\"486\" height=\"636\" src=\"https:\/\/academiadorsal.es\/wp-content\/uploads\/2025\/05\/Captura-de-Pantalla-2025-05-06-a-las-12.33.47.png\" class=\"attachment-full size-full wp-image-3081\" alt=\"\" srcset=\"https:\/\/academiadorsal.es\/wp-content\/uploads\/2025\/05\/Captura-de-Pantalla-2025-05-06-a-las-12.33.47.png 486w, https:\/\/academiadorsal.es\/wp-content\/uploads\/2025\/05\/Captura-de-Pantalla-2025-05-06-a-las-12.33.47-229x300.png 229w\" sizes=\"(max-width: 486px) 100vw, 486px\" \/>\t\t\t\t\t\t\t\t\t\t\t\t\t\t\t<\/div>\n\t\t\t\t<\/div>\n\t\t\t\t<\/div>\n\t\t<div class=\"elementor-element elementor-element-4990bed e-con-full e-flex e-con e-child\" data-id=\"4990bed\" data-element_type=\"container\">\n\t\t\t\t<div class=\"elementor-element elementor-element-02184f6 elementor-widget elementor-widget-heading\" data-id=\"02184f6\" data-element_type=\"widget\" data-widget_type=\"heading.default\">\n\t\t\t\t<div class=\"elementor-widget-container\">\n\t\t\t\t\t<h4 class=\"elementor-heading-title elementor-size-default\">Nuestra academia<\/h4>\t\t\t\t<\/div>\n\t\t\t\t<\/div>\n\t\t\t\t<div class=\"elementor-element elementor-element-9b4dadc elementor-widget__width-initial elementor-widget elementor-widget-text-editor\" data-id=\"9b4dadc\" data-element_type=\"widget\" data-widget_type=\"text-editor.default\">\n\t\t\t\t<div class=\"elementor-widget-container\">\n\t\t\t\t\t\t\t\t\t<p class=\"cvGsUA direction-ltr align-start para-style-body\"><span class=\"OYPEnA font-feature-liga-off font-feature-clig-off font-feature-calt-off text-decoration-none text-strikethrough-none\">En Academia DORSAL, creemos que cada estudiante tiene <strong>su<\/strong><\/span><span class=\"OYPEnA font-feature-liga-off font-feature-clig-off font-feature-calt-off text-decoration-none text-strikethrough-none\"><strong> propio ritmo y potencial<\/strong>,<\/span><span class=\"OYPEnA font-feature-liga-off font-feature-clig-off font-feature-calt-off text-decoration-none text-strikethrough-none\"> y nuestra misi\u00f3n es ayudarles a <\/span><strong><span class=\"OYPEnA font-feature-liga-off font-feature-clig-off font-feature-calt-off text-decoration-none text-strikethrough-none\">alcanzar sus metas<\/span><\/strong><span class=\"OYPEnA font-feature-liga-off font-feature-clig-off font-feature-calt-off text-decoration-none text-strikethrough-none\"> acad\u00e9micas con \u00e9xito.<\/span><\/p><p class=\"cvGsUA direction-ltr align-start para-style-body\"><span class=\"OYPEnA font-feature-liga-off font-feature-clig-off font-feature-calt-off text-decoration-none text-strikethrough-none\">Somos un centro de estudios especializado en primaria y secundaria, ofrecemos un aprendizaje personalizado, din\u00e1mico y eficaz.<\/span><\/p><p class=\"cvGsUA direction-ltr align-start para-style-body\"><span class=\"OYPEnA font-feature-liga-off font-feature-clig-off font-feature-calt-off text-decoration-none text-strikethrough-none\">Contamos con profesores cualificados y con una pedagoga en el centro.<\/span><\/p><p class=\"cvGsUA direction-ltr align-start para-style-body\"><strong><span class=\"OYPEnA font-feature-liga-off font-feature-clig-off font-feature-calt-off text-decoration-none text-strikethrough-none\">\u00bfPor qu\u00e9 \u00abDORSAL\u00bb?<\/span><\/strong><\/p><p class=\"cvGsUA direction-ltr align-start para-style-body\"><span class=\"OYPEnA font-feature-liga-off font-feature-clig-off font-feature-calt-off text-decoration-none text-strikethrough-none\">El nombre surge relacionando dos conceptos. Dorsal es el n\u00famero que identifica a los corredores en una competici\u00f3n, y en nuestra academia cada estudiante es protagonista de su propia carrera educativa. No importa el punto de partida, lo importante es avanzar, superar obst\u00e1culos y llegar a la meta con confianza y preparaci\u00f3n.<\/span><\/p><p class=\"cvGsUA direction-ltr align-start para-style-body\"><span class=\"OYPEnA font-feature-liga-off font-feature-clig-off font-feature-calt-off text-decoration-none text-strikethrough-none\">Adem\u00e1s, la aleta dorsal de los peces es clave para su equilibrio y estabilidad en el agua, ayud\u00e1ndoles a navegar con firmeza incluso en corrientes adversas. En Academia DORSAL, cumplimos esa misma funci\u00f3n: dar apoyo y direcci\u00f3n a nuestros estudiantes, para que avancen con seguridad en su camino acad\u00e9mico.<\/span><\/p><p class=\"cvGsUA direction-ltr align-start para-style-body\">\u00a0<\/p>\t\t\t\t\t\t\t\t<\/div>\n\t\t\t\t<\/div>\n\t\t\t\t<\/div>\n\t\t\t\t\t<\/div>\n\t\t\t\t<\/div>\n\t\t<div class=\"elementor-element elementor-element-9cb11fd e-flex e-con-boxed e-con e-parent\" data-id=\"9cb11fd\" data-element_type=\"container\">\n\t\t\t\t\t<div class=\"e-con-inner\">\n\t\t<div class=\"elementor-element elementor-element-a98f9ac e-con-full e-flex e-con e-child\" data-id=\"a98f9ac\" data-element_type=\"container\">\n\t\t\t\t<div class=\"elementor-element elementor-element-226a2a2 elementor-widget__width-initial elementor-widget elementor-widget-image\" data-id=\"226a2a2\" data-element_type=\"widget\" data-widget_type=\"image.default\">\n\t\t\t\t<div class=\"elementor-widget-container\">\n\t\t\t\t\t\t\t\t\t\t\t\t\t\t\t<img decoding=\"async\" width=\"463\" height=\"664\" src=\"https:\/\/academiadorsal.es\/wp-content\/uploads\/2025\/05\/Captura-de-Pantalla-2025-05-24-a-las-13.07.36.png\" class=\"attachment-full size-full wp-image-3228\" alt=\"\" srcset=\"https:\/\/academiadorsal.es\/wp-content\/uploads\/2025\/05\/Captura-de-Pantalla-2025-05-24-a-las-13.07.36.png 463w, https:\/\/academiadorsal.es\/wp-content\/uploads\/2025\/05\/Captura-de-Pantalla-2025-05-24-a-las-13.07.36-209x300.png 209w\" sizes=\"(max-width: 463px) 100vw, 463px\" \/>\t\t\t\t\t\t\t\t\t\t\t\t\t\t\t<\/div>\n\t\t\t\t<\/div>\n\t\t\t\t<\/div>\n\t\t<div class=\"elementor-element elementor-element-eb5ddcc e-con-full e-flex e-con e-child\" data-id=\"eb5ddcc\" data-element_type=\"container\">\n\t\t\t\t<div class=\"elementor-element elementor-element-d25fe63 elementor-widget elementor-widget-heading\" data-id=\"d25fe63\" data-element_type=\"widget\" data-widget_type=\"heading.default\">\n\t\t\t\t<div class=\"elementor-widget-container\">\n\t\t\t\t\t<h4 class=\"elementor-heading-title elementor-size-default\">Nuestro esp\u00edritu<\/h4>\t\t\t\t<\/div>\n\t\t\t\t<\/div>\n\t\t\t\t<div class=\"elementor-element elementor-element-eb4f57a elementor-widget__width-initial elementor-widget elementor-widget-text-editor\" data-id=\"eb4f57a\" data-element_type=\"widget\" data-widget_type=\"text-editor.default\">\n\t\t\t\t<div class=\"elementor-widget-container\">\n\t\t\t\t\t\t\t\t\t<p><span class=\"OYPEnA font-feature-liga-off font-feature-clig-off font-feature-calt-off text-decoration-none text-strikethrough-none\">El esp\u00edritu de crear una academia educativa con un enfoque personalizado parte del deseo de transformar la ense\u00f1anza y adaptarla a las necesidades de cada estudiante. Ofrecer atenci\u00f3n individualizada permite reforzar conocimientos, resolver dudas y potenciar habilidades de manera efectiva. Una academia con este prop\u00f3sito no solo busca mejorar el rendimiento acad\u00e9mico, sino tambi\u00e9n motivar, inspirar y fomentar la confianza en el aprendizaje. La personalizaci\u00f3n de la educaci\u00f3n ayuda a identificar fortalezas y debilidades, ofreciendo estrategias adaptadas a cada alumno. Adem\u00e1s, crea un ambiente de apoyo y acompa\u00f1amiento, donde cada estudiante se siente valorado y comprendido. En definitiva, una academia con esta visi\u00f3n representa un compromiso con la excelencia educativa y el crecimiento personal.<\/span><\/p>\t\t\t\t\t\t\t\t<\/div>\n\t\t\t\t<\/div>\n\t\t\t\t<\/div>\n\t\t\t\t\t<\/div>\n\t\t\t\t<\/div>\n\t\t<div class=\"elementor-element elementor-element-63e1dff e-flex e-con-boxed e-con e-parent\" data-id=\"63e1dff\" data-element_type=\"container\">\n\t\t\t\t\t<div class=\"e-con-inner\">\n\t\t<div class=\"elementor-element elementor-element-1656446 e-con-full e-flex e-con e-child\" data-id=\"1656446\" data-element_type=\"container\">\n\t\t\t\t<div class=\"elementor-element elementor-element-7edaec1 elementor-widget__width-initial elementor-widget elementor-widget-image\" data-id=\"7edaec1\" data-element_type=\"widget\" data-widget_type=\"image.default\">\n\t\t\t\t<div class=\"elementor-widget-container\">\n\t\t\t\t\t\t\t\t\t\t\t\t\t\t\t<img decoding=\"async\" width=\"990\" height=\"832\" src=\"https:\/\/academiadorsal.es\/wp-content\/uploads\/2025\/05\/cropped-1-2-scaled-2.png\" class=\"attachment-full size-full wp-image-2792\" alt=\"\" srcset=\"https:\/\/academiadorsal.es\/wp-content\/uploads\/2025\/05\/cropped-1-2-scaled-2.png 990w, https:\/\/academiadorsal.es\/wp-content\/uploads\/2025\/05\/cropped-1-2-scaled-2-300x252.png 300w, https:\/\/academiadorsal.es\/wp-content\/uploads\/2025\/05\/cropped-1-2-scaled-2-768x645.png 768w, https:\/\/academiadorsal.es\/wp-content\/uploads\/2025\/05\/cropped-1-2-scaled-2-60x50.png 60w\" sizes=\"(max-width: 990px) 100vw, 990px\" \/>\t\t\t\t\t\t\t\t\t\t\t\t\t\t\t<\/div>\n\t\t\t\t<\/div>\n\t\t\t\t<\/div>\n\t\t<div class=\"elementor-element elementor-element-4426565 e-con-full e-flex e-con e-child\" data-id=\"4426565\" data-element_type=\"container\">\n\t\t\t\t<div class=\"elementor-element elementor-element-439ea2f elementor-widget elementor-widget-heading\" data-id=\"439ea2f\" data-element_type=\"widget\" data-widget_type=\"heading.default\">\n\t\t\t\t<div class=\"elementor-widget-container\">\n\t\t\t\t\t<h4 class=\"elementor-heading-title elementor-size-default\">Nuestro s\u00edmbolo<\/h4>\t\t\t\t<\/div>\n\t\t\t\t<\/div>\n\t\t\t\t<div class=\"elementor-element elementor-element-ae7bf55 elementor-widget__width-initial elementor-widget elementor-widget-text-editor\" data-id=\"ae7bf55\" data-element_type=\"widget\" data-widget_type=\"text-editor.default\">\n\t\t\t\t<div class=\"elementor-widget-container\">\n\t\t\t\t\t\t\t\t\t<p>Uno de los elementos m\u00e1s distintivos del logotipo son las manchas de colores que acompa\u00f1an las siglas AD<br \/>Estas manchas simbolizan:<\/p><p><strong>Diversidad y adaptabilidad<\/strong>: Representan la variedad de alumnos, m\u00e9todos de aprendizaje y personalidades\u00a0que la academia acoge, reforzando su compromiso con un enfoque educativo personalizado.<\/p><p><strong>Creatividad y dinamismo<\/strong>: Al tener formas org\u00e1nicas y fluidas, evocan la idea de un aprendizaje que se\u00a0desarrolla de manera natural y sin rigideces, fomentando la imaginaci\u00f3n y el pensamiento cr\u00edtico.<\/p><p><strong>Crecimiento y evoluci\u00f3n<\/strong>: Las manchas sugieren un proceso de transformaci\u00f3n, reflejando el desarrollo de los\u00a0estudiantes a lo largo de su camino acad\u00e9mico.<\/p>\t\t\t\t\t\t\t\t<\/div>\n\t\t\t\t<\/div>\n\t\t\t\t<\/div>\n\t\t\t\t\t<\/div>\n\t\t\t\t<\/div>\n\t\t\t\t<\/div>\n\t\t","protected":false},"excerpt":{"rendered":"<p>Qui\u00e9nes somos Nuestra academia En Academia DORSAL, creemos que cada estudiante tiene su propio ritmo y potencial, y nuestra misi\u00f3n es ayudarles a alcanzar sus metas acad\u00e9micas con \u00e9xito. Somos un centro de estudios especializado en primaria y secundaria, ofrecemos un aprendizaje personalizado, din\u00e1mico y eficaz. Contamos con profesores cualificados y con una pedagoga en [&hellip;]<\/p>\n","protected":false},"author":1,"featured_media":2757,"parent":0,"menu_order":0,"comment_status":"closed","ping_status":"closed","template":"","meta":{"_uag_custom_page_level_css":"","site-sidebar-layout":"no-sidebar","site-content-layout":"page-builder","ast-site-content-layout":"full-width-container","site-content-style":"unboxed","site-sidebar-style":"unboxed","ast-global-header-display":"","ast-banner-title-visibility":"","ast-main-header-display":"","ast-hfb-above-header-display":"","ast-hfb-below-header-display":"","ast-hfb-mobile-header-display":"","site-post-title":"disabled","ast-breadcrumbs-content":"","ast-featured-img":"disabled","footer-sml-layout":"","theme-transparent-header-meta":"enabled","adv-header-id-meta":"","stick-header-meta":"","header-above-stick-meta":"","header-main-stick-meta":"","header-below-stick-meta":"","astra-migrate-meta-layouts":"set","ast-page-background-enabled":"default","ast-page-background-meta":{"desktop":{"background-color":"var(--ast-global-color-4)","background-image":"","background-repeat":"repeat","background-position":"center center","background-size":"auto","background-attachment":"scroll","background-type":"","background-media":"","overlay-type":"","overlay-color":"","overlay-opacity":"","overlay-gradient":""},"tablet":{"background-color":"","background-image":"","background-repeat":"repeat","background-position":"center center","background-size":"auto","background-attachment":"scroll","background-type":"","background-media":"","overlay-type":"","overlay-color":"","overlay-opacity":"","overlay-gradient":""},"mobile":{"background-color":"","background-image":"","background-repeat":"repeat","background-position":"center center","background-size":"auto","background-attachment":"scroll","background-type":"","background-media":"","overlay-type":"","overlay-color":"","overlay-opacity":"","overlay-gradient":""}},"ast-content-background-meta":{"desktop":{"background-color":"var(--ast-global-color-5)","background-image":"","background-repeat":"repeat","background-position":"center center","background-size":"auto","background-attachment":"scroll","background-type":"","background-media":"","overlay-type":"","overlay-color":"","overlay-opacity":"","overlay-gradient":""},"tablet":{"background-color":"var(--ast-global-color-5)","background-image":"","background-repeat":"repeat","background-position":"center center","background-size":"auto","background-attachment":"scroll","background-type":"","background-media":"","overlay-type":"","overlay-color":"","overlay-opacity":"","overlay-gradient":""},"mobile":{"background-color":"var(--ast-global-color-5)","background-image":"","background-repeat":"repeat","background-position":"center center","background-size":"auto","background-attachment":"scroll","background-type":"","background-media":"","overlay-type":"","overlay-color":"","overlay-opacity":"","overlay-gradient":""}},"footnotes":""},"class_list":["post-14","page","type-page","status-publish","has-post-thumbnail","hentry"],"uagb_featured_image_src":{"full":["https:\/\/academiadorsal.es\/wp-content\/uploads\/2025\/05\/1-1-scaled.png",2560,1474,false],"thumbnail":["https:\/\/academiadorsal.es\/wp-content\/uploads\/2025\/05\/1-1-150x150.png",150,150,true],"medium":["https:\/\/academiadorsal.es\/wp-content\/uploads\/2025\/05\/1-1-300x173.png",300,173,true],"medium_large":["https:\/\/academiadorsal.es\/wp-content\/uploads\/2025\/05\/1-1-768x442.png",768,442,true],"large":["https:\/\/academiadorsal.es\/wp-content\/uploads\/2025\/05\/1-1-1024x590.png",1024,590,true],"1536x1536":["https:\/\/academiadorsal.es\/wp-content\/uploads\/2025\/05\/1-1-scaled.png",1536,884,false],"2048x2048":["https:\/\/academiadorsal.es\/wp-content\/uploads\/2025\/05\/1-1-scaled.png",2048,1179,false],"trp-custom-language-flag":["https:\/\/academiadorsal.es\/wp-content\/uploads\/2025\/05\/1-1-scaled.png",18,10,false]},"uagb_author_info":{"display_name":"beltran.cambronero@gmail.com","author_link":"https:\/\/academiadorsal.es\/es\/author\/beltran-cambronerogmail-com"},"uagb_comment_info":0,"uagb_excerpt":"Qui\u00e9nes somos Nuestra academia En Academia DORSAL, creemos que cada estudiante tiene su propio ritmo y potencial, y nuestra misi\u00f3n es ayudarles a alcanzar sus metas acad\u00e9micas con \u00e9xito. Somos un centro de estudios especializado en primaria y secundaria, ofrecemos un aprendizaje personalizado, din\u00e1mico y eficaz. Contamos con profesores cualificados y con una pedagoga en&hellip;","_links":{"self":[{"href":"https:\/\/academiadorsal.es\/es\/wp-json\/wp\/v2\/pages\/14","targetHints":{"allow":["GET"]}}],"collection":[{"href":"https:\/\/academiadorsal.es\/es\/wp-json\/wp\/v2\/pages"}],"about":[{"href":"https:\/\/academiadorsal.es\/es\/wp-json\/wp\/v2\/types\/page"}],"author":[{"embeddable":true,"href":"https:\/\/academiadorsal.es\/es\/wp-json\/wp\/v2\/users\/1"}],"replies":[{"embeddable":true,"href":"https:\/\/academiadorsal.es\/es\/wp-json\/wp\/v2\/comments?post=14"}],"version-history":[{"count":94,"href":"https:\/\/academiadorsal.es\/es\/wp-json\/wp\/v2\/pages\/14\/revisions"}],"predecessor-version":[{"id":3236,"href":"https:\/\/academiadorsal.es\/es\/wp-json\/wp\/v2\/pages\/14\/revisions\/3236"}],"wp:featuredmedia":[{"embeddable":true,"href":"https:\/\/academiadorsal.es\/es\/wp-json\/wp\/v2\/media\/2757"}],"wp:attachment":[{"href":"https:\/\/academiadorsal.es\/es\/wp-json\/wp\/v2\/media?parent=14"}],"curies":[{"name":"wp","href":"https:\/\/api.w.org\/{rel}","templated":true}]}}