{"id":14,"date":"2025-05-02T21:49:05","date_gmt":"2025-05-02T19:49:05","guid":{"rendered":"https:\/\/academiadorsal.es\/about\/"},"modified":"2025-05-25T10:46:08","modified_gmt":"2025-05-25T08:46:08","slug":"about","status":"publish","type":"page","link":"https:\/\/academiadorsal.es\/ca\/about","title":{"rendered":"Nosaltres"},"content":{"rendered":"<div data-elementor-type=\"wp-page\" data-elementor-id=\"14\" class=\"elementor elementor-14\">\n\t\t\t\t<div class=\"elementor-element elementor-element-bc3b0a1 e-flex e-con-boxed e-con e-parent\" data-id=\"bc3b0a1\" data-element_type=\"container\" data-settings=\"{&quot;background_background&quot;:&quot;classic&quot;}\">\n\t\t\t\t\t<div class=\"e-con-inner\">\n\t\t<div class=\"elementor-element elementor-element-cedcf21 e-flex e-con-boxed e-con e-child\" data-id=\"cedcf21\" data-element_type=\"container\">\n\t\t\t\t\t<div class=\"e-con-inner\">\n\t\t\t\t\t<\/div>\n\t\t\t\t<\/div>\n\t\t\t\t\t<\/div>\n\t\t\t\t<\/div>\n\t\t<div class=\"elementor-element elementor-element-e95b922 e-flex e-con-boxed e-con e-parent\" data-id=\"e95b922\" data-element_type=\"container\">\n\t\t\t\t\t<div class=\"e-con-inner\">\n\t\t\t\t<div class=\"elementor-element elementor-element-fa21c6b elementor-widget-divider--view-line_text elementor-widget-divider--element-align-center elementor-widget elementor-widget-divider\" data-id=\"fa21c6b\" data-element_type=\"widget\" data-widget_type=\"divider.default\">\n\t\t\t\t<div class=\"elementor-widget-container\">\n\t\t\t\t\t\t\t<div class=\"elementor-divider\">\n\t\t\t<span class=\"elementor-divider-separator\">\n\t\t\t\t\t\t\t<span class=\"elementor-divider__text elementor-divider__element\">\n\t\t\t\tQui som? \t\t\t\t<\/span>\n\t\t\t\t\t\t<\/span>\n\t\t<\/div>\n\t\t\t\t\t\t<\/div>\n\t\t\t\t<\/div>\n\t\t\t\t\t<\/div>\n\t\t\t\t<\/div>\n\t\t<div class=\"elementor-element elementor-element-3f756bf e-flex e-con-boxed e-con e-parent\" data-id=\"3f756bf\" data-element_type=\"container\">\n\t\t\t\t\t<div class=\"e-con-inner\">\n\t\t<div class=\"elementor-element elementor-element-dc00a1b e-con-full e-flex e-con e-child\" data-id=\"dc00a1b\" data-element_type=\"container\">\n\t\t\t\t<div class=\"elementor-element elementor-element-f8ff1a3 elementor-widget__width-initial elementor-widget elementor-widget-image\" data-id=\"f8ff1a3\" data-element_type=\"widget\" data-widget_type=\"image.default\">\n\t\t\t\t<div class=\"elementor-widget-container\">\n\t\t\t\t\t\t\t\t\t\t\t\t\t\t\t<img fetchpriority=\"high\" decoding=\"async\" width=\"486\" height=\"636\" src=\"https:\/\/academiadorsal.es\/wp-content\/uploads\/2025\/05\/Captura-de-Pantalla-2025-05-06-a-las-12.33.47.png\" class=\"attachment-full size-full wp-image-3081\" alt=\"\" srcset=\"https:\/\/academiadorsal.es\/wp-content\/uploads\/2025\/05\/Captura-de-Pantalla-2025-05-06-a-las-12.33.47.png 486w, https:\/\/academiadorsal.es\/wp-content\/uploads\/2025\/05\/Captura-de-Pantalla-2025-05-06-a-las-12.33.47-229x300.png 229w\" sizes=\"(max-width: 486px) 100vw, 486px\" \/>\t\t\t\t\t\t\t\t\t\t\t\t\t\t\t<\/div>\n\t\t\t\t<\/div>\n\t\t\t\t<\/div>\n\t\t<div class=\"elementor-element elementor-element-4990bed e-con-full e-flex e-con e-child\" data-id=\"4990bed\" data-element_type=\"container\">\n\t\t\t\t<div class=\"elementor-element elementor-element-02184f6 elementor-widget elementor-widget-heading\" data-id=\"02184f6\" data-element_type=\"widget\" data-widget_type=\"heading.default\">\n\t\t\t\t<div class=\"elementor-widget-container\">\n\t\t\t\t\t<h4 class=\"elementor-heading-title elementor-size-default\">La nostra acad\u00e8mia<\/h4>\t\t\t\t<\/div>\n\t\t\t\t<\/div>\n\t\t\t\t<div class=\"elementor-element elementor-element-9b4dadc elementor-widget__width-initial elementor-widget elementor-widget-text-editor\" data-id=\"9b4dadc\" data-element_type=\"widget\" data-widget_type=\"text-editor.default\">\n\t\t\t\t<div class=\"elementor-widget-container\">\n\t\t\t\t\t\t\t\t\t<p class=\"cvGsUA direction-ltr align-start para-style-body\"><span class=\"OYPEnA font-feature-liga-off font-feature-clig-off font-feature-calt-off text-decoration-none text-strikethrough-none\">En Acad\u00e8mia DORSAL, creiem que cada estudiant t\u00e9 <strong>el seu<\/strong><\/span><span class=\"OYPEnA font-feature-liga-off font-feature-clig-off font-feature-calt-off text-decoration-none text-strikethrough-none\"><strong> propi ritme i potencial<\/strong>,<\/span><span class=\"OYPEnA font-feature-liga-off font-feature-clig-off font-feature-calt-off text-decoration-none text-strikethrough-none\"> , i la nostra missi\u00f3 \u00e9s ajudar-los a <\/span><strong><span class=\"OYPEnA font-feature-liga-off font-feature-clig-off font-feature-calt-off text-decoration-none text-strikethrough-none\">aconseguir les seves metes<\/span><\/strong><span class=\"OYPEnA font-feature-liga-off font-feature-clig-off font-feature-calt-off text-decoration-none text-strikethrough-none\"> acad\u00e8miques amb \u00e8xit.<\/span><\/p><p class=\"cvGsUA direction-ltr align-start para-style-body\"><span class=\"OYPEnA font-feature-liga-off font-feature-clig-off font-feature-calt-off text-decoration-none text-strikethrough-none\">Som un centre d'estudis especialitzat en prim\u00e0ria i secund\u00e0ria, oferim un aprenentatge personalitzat, din\u00e0mic i efica\u00e7.<\/span><\/p><p class=\"cvGsUA direction-ltr align-start para-style-body\"><span class=\"OYPEnA font-feature-liga-off font-feature-clig-off font-feature-calt-off text-decoration-none text-strikethrough-none\">Comptem amb professors qualificats i amb una pedagoga en el centre.<\/span><\/p><p class=\"cvGsUA direction-ltr align-start para-style-body\"><strong><span class=\"OYPEnA font-feature-liga-off font-feature-clig-off font-feature-calt-off text-decoration-none text-strikethrough-none\">Per qu\u00e8 \u00abDORSAL\u00bb?<\/span><\/strong><\/p><p class=\"cvGsUA direction-ltr align-start para-style-body\"><span class=\"OYPEnA font-feature-liga-off font-feature-clig-off font-feature-calt-off text-decoration-none text-strikethrough-none\">El nom sorgeix relacionant dos conceptes. Dorsal \u00e9s el nombre que identifica als corredors en una competici\u00f3, i en la nostra acad\u00e8mia cada estudiant \u00e9s protagonista de la seva pr\u00f2pia carrera educativa. No importa el punt de partida, l'important \u00e9s avan\u00e7ar, superar obstacles i arribar a la meta amb confian\u00e7a i preparaci\u00f3.<\/span><\/p><p class=\"cvGsUA direction-ltr align-start para-style-body\"><span class=\"OYPEnA font-feature-liga-off font-feature-clig-off font-feature-calt-off text-decoration-none text-strikethrough-none\">A m\u00e9s, l'aleta dorsal dels peixos \u00e9s clau per al seu equilibri i estabilitat en l'aigua, ajudant-los a navegar amb fermesa fins i tot en corrents adversos. En Acad\u00e8mia DORSAL, complim aquesta mateixa funci\u00f3: donar suport i direcci\u00f3 als nostres estudiants, perqu\u00e8 avancin amb seguretat en el seu cam\u00ed acad\u00e8mic.<\/span><\/p><p class=\"cvGsUA direction-ltr align-start para-style-body\">\u00a0<\/p>\t\t\t\t\t\t\t\t<\/div>\n\t\t\t\t<\/div>\n\t\t\t\t<\/div>\n\t\t\t\t\t<\/div>\n\t\t\t\t<\/div>\n\t\t<div class=\"elementor-element elementor-element-9cb11fd e-flex e-con-boxed e-con e-parent\" data-id=\"9cb11fd\" data-element_type=\"container\">\n\t\t\t\t\t<div class=\"e-con-inner\">\n\t\t<div class=\"elementor-element elementor-element-a98f9ac e-con-full e-flex e-con e-child\" data-id=\"a98f9ac\" data-element_type=\"container\">\n\t\t\t\t<div class=\"elementor-element elementor-element-226a2a2 elementor-widget__width-initial elementor-widget elementor-widget-image\" data-id=\"226a2a2\" data-element_type=\"widget\" data-widget_type=\"image.default\">\n\t\t\t\t<div class=\"elementor-widget-container\">\n\t\t\t\t\t\t\t\t\t\t\t\t\t\t\t<img decoding=\"async\" width=\"463\" height=\"664\" src=\"https:\/\/academiadorsal.es\/wp-content\/uploads\/2025\/05\/Captura-de-Pantalla-2025-05-24-a-las-13.07.36.png\" class=\"attachment-full size-full wp-image-3228\" alt=\"\" srcset=\"https:\/\/academiadorsal.es\/wp-content\/uploads\/2025\/05\/Captura-de-Pantalla-2025-05-24-a-las-13.07.36.png 463w, https:\/\/academiadorsal.es\/wp-content\/uploads\/2025\/05\/Captura-de-Pantalla-2025-05-24-a-las-13.07.36-209x300.png 209w\" sizes=\"(max-width: 463px) 100vw, 463px\" \/>\t\t\t\t\t\t\t\t\t\t\t\t\t\t\t<\/div>\n\t\t\t\t<\/div>\n\t\t\t\t<\/div>\n\t\t<div class=\"elementor-element elementor-element-eb5ddcc e-con-full e-flex e-con e-child\" data-id=\"eb5ddcc\" data-element_type=\"container\">\n\t\t\t\t<div class=\"elementor-element elementor-element-d25fe63 elementor-widget elementor-widget-heading\" data-id=\"d25fe63\" data-element_type=\"widget\" data-widget_type=\"heading.default\">\n\t\t\t\t<div class=\"elementor-widget-container\">\n\t\t\t\t\t<h4 class=\"elementor-heading-title elementor-size-default\">El nostre esperit<\/h4>\t\t\t\t<\/div>\n\t\t\t\t<\/div>\n\t\t\t\t<div class=\"elementor-element elementor-element-eb4f57a elementor-widget__width-initial elementor-widget elementor-widget-text-editor\" data-id=\"eb4f57a\" data-element_type=\"widget\" data-widget_type=\"text-editor.default\">\n\t\t\t\t<div class=\"elementor-widget-container\">\n\t\t\t\t\t\t\t\t\t<p><span class=\"OYPEnA font-feature-liga-off font-feature-clig-off font-feature-calt-off text-decoration-none text-strikethrough-none\">L'esperit de crear una acad\u00e8mia educativa amb un enfocament personalitzat part del desig de transformar l'ensenyament i adaptar-la a les necessitats de cada estudiant. Oferir atenci\u00f3 individualitzada permet refor\u00e7ar coneixements, resoldre dubtes i potenciar habilitats de manera efectiva. Una acad\u00e8mia amb aquest prop\u00f2sit no sols busca millorar el rendiment acad\u00e8mic, sin\u00f3 tamb\u00e9 motivar, inspirar i fomentar la confian\u00e7a en l'aprenentatge. La personalitzaci\u00f3 de l'educaci\u00f3 ajuda a identificar fortaleses i febleses, oferint estrat\u00e8gies adaptades a cada alumne. A m\u00e9s, crea un ambient de suport i acompanyament, on cada estudiant se sent valorat i compr\u00e8s. En definitiva, una acad\u00e8mia amb aquesta visi\u00f3 representa un comprom\u00eds amb l'excel\u00b7l\u00e8ncia educativa i el creixement personal.<\/span><\/p>\t\t\t\t\t\t\t\t<\/div>\n\t\t\t\t<\/div>\n\t\t\t\t<\/div>\n\t\t\t\t\t<\/div>\n\t\t\t\t<\/div>\n\t\t<div class=\"elementor-element elementor-element-63e1dff e-flex e-con-boxed e-con e-parent\" data-id=\"63e1dff\" data-element_type=\"container\">\n\t\t\t\t\t<div class=\"e-con-inner\">\n\t\t<div class=\"elementor-element elementor-element-1656446 e-con-full e-flex e-con e-child\" data-id=\"1656446\" data-element_type=\"container\">\n\t\t\t\t<div class=\"elementor-element elementor-element-7edaec1 elementor-widget__width-initial elementor-widget elementor-widget-image\" data-id=\"7edaec1\" data-element_type=\"widget\" data-widget_type=\"image.default\">\n\t\t\t\t<div class=\"elementor-widget-container\">\n\t\t\t\t\t\t\t\t\t\t\t\t\t\t\t<img decoding=\"async\" width=\"990\" height=\"832\" src=\"https:\/\/academiadorsal.es\/wp-content\/uploads\/2025\/05\/cropped-1-2-scaled-2.png\" class=\"attachment-full size-full wp-image-2792\" alt=\"\" srcset=\"https:\/\/academiadorsal.es\/wp-content\/uploads\/2025\/05\/cropped-1-2-scaled-2.png 990w, https:\/\/academiadorsal.es\/wp-content\/uploads\/2025\/05\/cropped-1-2-scaled-2-300x252.png 300w, https:\/\/academiadorsal.es\/wp-content\/uploads\/2025\/05\/cropped-1-2-scaled-2-768x645.png 768w, https:\/\/academiadorsal.es\/wp-content\/uploads\/2025\/05\/cropped-1-2-scaled-2-60x50.png 60w\" sizes=\"(max-width: 990px) 100vw, 990px\" \/>\t\t\t\t\t\t\t\t\t\t\t\t\t\t\t<\/div>\n\t\t\t\t<\/div>\n\t\t\t\t<\/div>\n\t\t<div class=\"elementor-element elementor-element-4426565 e-con-full e-flex e-con e-child\" data-id=\"4426565\" data-element_type=\"container\">\n\t\t\t\t<div class=\"elementor-element elementor-element-439ea2f elementor-widget elementor-widget-heading\" data-id=\"439ea2f\" data-element_type=\"widget\" data-widget_type=\"heading.default\">\n\t\t\t\t<div class=\"elementor-widget-container\">\n\t\t\t\t\t<h4 class=\"elementor-heading-title elementor-size-default\">El nostre s\u00edmbol<\/h4>\t\t\t\t<\/div>\n\t\t\t\t<\/div>\n\t\t\t\t<div class=\"elementor-element elementor-element-ae7bf55 elementor-widget__width-initial elementor-widget elementor-widget-text-editor\" data-id=\"ae7bf55\" data-element_type=\"widget\" data-widget_type=\"text-editor.default\">\n\t\t\t\t<div class=\"elementor-widget-container\">\n\t\t\t\t\t\t\t\t\t<p>Un dels elements m\u00e9s distintius del logotip s\u00f3n les taques de colors que acompanyen les sigles AD<br \/>Aquestes taques simbolitzen:<\/p><p><strong>Diversitat i adaptabilitat:<\/strong>Representen la varietat d'alumnes, m\u00e8todes d'aprenentatge i personalitats que l'acad\u00e8mia acull, refor\u00e7ant el seu comprom\u00eds amb un enfocament educatiu personalitzat.<\/p><p><strong>Creativitat i dinamisme:<\/strong>En tenir formes org\u00e0niques i fluides, evoquen la idea d'un aprenentatge que es desenvolupa de manera natural i sense rigideses, fomentant la imaginaci\u00f3 i el pensament cr\u00edtic.<\/p><p><strong>Creixement i evoluci\u00f3:<\/strong>Les taques suggereixen un proc\u00e9s de transformaci\u00f3, reflectint el desenvolupament dels estudiants al llarg del seu cam\u00ed acad\u00e8mic.<\/p>\t\t\t\t\t\t\t\t<\/div>\n\t\t\t\t<\/div>\n\t\t\t\t<\/div>\n\t\t\t\t\t<\/div>\n\t\t\t\t<\/div>\n\t\t\t\t<\/div>","protected":false},"excerpt":{"rendered":"<p>Qui\u00e9nes somos Nuestra academia En Academia DORSAL, creemos que cada estudiante tiene su propio ritmo y potencial, y nuestra misi\u00f3n es ayudarles a alcanzar sus metas acad\u00e9micas con \u00e9xito. Somos un centro de estudios especializado en primaria y secundaria, ofrecemos un aprendizaje personalizado, din\u00e1mico y eficaz. Contamos con profesores cualificados y con una pedagoga en [&hellip;]<\/p>","protected":false},"author":1,"featured_media":2757,"parent":0,"menu_order":0,"comment_status":"closed","ping_status":"closed","template":"","meta":{"_uag_custom_page_level_css":"","site-sidebar-layout":"no-sidebar","site-content-layout":"page-builder","ast-site-content-layout":"full-width-container","site-content-style":"unboxed","site-sidebar-style":"unboxed","ast-global-header-display":"","ast-banner-title-visibility":"","ast-main-header-display":"","ast-hfb-above-header-display":"","ast-hfb-below-header-display":"","ast-hfb-mobile-header-display":"","site-post-title":"disabled","ast-breadcrumbs-content":"","ast-featured-img":"disabled","footer-sml-layout":"","theme-transparent-header-meta":"enabled","adv-header-id-meta":"","stick-header-meta":"","header-above-stick-meta":"","header-main-stick-meta":"","header-below-stick-meta":"","astra-migrate-meta-layouts":"set","ast-page-background-enabled":"default","ast-page-background-meta":{"desktop":{"background-color":"var(--ast-global-color-4)","background-image":"","background-repeat":"repeat","background-position":"center center","background-size":"auto","background-attachment":"scroll","background-type":"","background-media":"","overlay-type":"","overlay-color":"","overlay-opacity":"","overlay-gradient":""},"tablet":{"background-color":"","background-image":"","background-repeat":"repeat","background-position":"center center","background-size":"auto","background-attachment":"scroll","background-type":"","background-media":"","overlay-type":"","overlay-color":"","overlay-opacity":"","overlay-gradient":""},"mobile":{"background-color":"","background-image":"","background-repeat":"repeat","background-position":"center center","background-size":"auto","background-attachment":"scroll","background-type":"","background-media":"","overlay-type":"","overlay-color":"","overlay-opacity":"","overlay-gradient":""}},"ast-content-background-meta":{"desktop":{"background-color":"var(--ast-global-color-5)","background-image":"","background-repeat":"repeat","background-position":"center center","background-size":"auto","background-attachment":"scroll","background-type":"","background-media":"","overlay-type":"","overlay-color":"","overlay-opacity":"","overlay-gradient":""},"tablet":{"background-color":"var(--ast-global-color-5)","background-image":"","background-repeat":"repeat","background-position":"center center","background-size":"auto","background-attachment":"scroll","background-type":"","background-media":"","overlay-type":"","overlay-color":"","overlay-opacity":"","overlay-gradient":""},"mobile":{"background-color":"var(--ast-global-color-5)","background-image":"","background-repeat":"repeat","background-position":"center center","background-size":"auto","background-attachment":"scroll","background-type":"","background-media":"","overlay-type":"","overlay-color":"","overlay-opacity":"","overlay-gradient":""}},"footnotes":""},"class_list":["post-14","page","type-page","status-publish","has-post-thumbnail","hentry"],"uagb_featured_image_src":{"full":["https:\/\/academiadorsal.es\/wp-content\/uploads\/2025\/05\/1-1-scaled.png",2560,1474,false],"thumbnail":["https:\/\/academiadorsal.es\/wp-content\/uploads\/2025\/05\/1-1-150x150.png",150,150,true],"medium":["https:\/\/academiadorsal.es\/wp-content\/uploads\/2025\/05\/1-1-300x173.png",300,173,true],"medium_large":["https:\/\/academiadorsal.es\/wp-content\/uploads\/2025\/05\/1-1-768x442.png",768,442,true],"large":["https:\/\/academiadorsal.es\/wp-content\/uploads\/2025\/05\/1-1-1024x590.png",1024,590,true],"1536x1536":["https:\/\/academiadorsal.es\/wp-content\/uploads\/2025\/05\/1-1-scaled.png",1536,884,false],"2048x2048":["https:\/\/academiadorsal.es\/wp-content\/uploads\/2025\/05\/1-1-scaled.png",2048,1179,false],"trp-custom-language-flag":["https:\/\/academiadorsal.es\/wp-content\/uploads\/2025\/05\/1-1-scaled.png",18,10,false]},"uagb_author_info":{"display_name":"beltran.cambronero@gmail.com","author_link":"https:\/\/academiadorsal.es\/ca\/author\/beltran-cambronerogmail-com"},"uagb_comment_info":0,"uagb_excerpt":"Qui\u00e9nes somos Nuestra academia En Academia DORSAL, creemos que cada estudiante tiene su propio ritmo y potencial, y nuestra misi\u00f3n es ayudarles a alcanzar sus metas acad\u00e9micas con \u00e9xito. Somos un centro de estudios especializado en primaria y secundaria, ofrecemos un aprendizaje personalizado, din\u00e1mico y eficaz. Contamos con profesores cualificados y con una pedagoga en&hellip;","_links":{"self":[{"href":"https:\/\/academiadorsal.es\/ca\/wp-json\/wp\/v2\/pages\/14","targetHints":{"allow":["GET"]}}],"collection":[{"href":"https:\/\/academiadorsal.es\/ca\/wp-json\/wp\/v2\/pages"}],"about":[{"href":"https:\/\/academiadorsal.es\/ca\/wp-json\/wp\/v2\/types\/page"}],"author":[{"embeddable":true,"href":"https:\/\/academiadorsal.es\/ca\/wp-json\/wp\/v2\/users\/1"}],"replies":[{"embeddable":true,"href":"https:\/\/academiadorsal.es\/ca\/wp-json\/wp\/v2\/comments?post=14"}],"version-history":[{"count":94,"href":"https:\/\/academiadorsal.es\/ca\/wp-json\/wp\/v2\/pages\/14\/revisions"}],"predecessor-version":[{"id":3236,"href":"https:\/\/academiadorsal.es\/ca\/wp-json\/wp\/v2\/pages\/14\/revisions\/3236"}],"wp:featuredmedia":[{"embeddable":true,"href":"https:\/\/academiadorsal.es\/ca\/wp-json\/wp\/v2\/media\/2757"}],"wp:attachment":[{"href":"https:\/\/academiadorsal.es\/ca\/wp-json\/wp\/v2\/media?parent=14"}],"curies":[{"name":"wp","href":"https:\/\/api.w.org\/{rel}","templated":true}]}}